{"id":3,"date":"2025-05-30T08:32:46","date_gmt":"2025-05-30T08:32:46","guid":{"rendered":"https:\/\/alainmartineau-cartoenv.fr\/?page_id=3"},"modified":"2025-09-06T15:12:02","modified_gmt":"2025-09-06T13:12:02","slug":"privacypolicy","status":"publish","type":"page","link":"https:\/\/alainmartineau-cartoenv.fr\/accueil\/accueil\/privacypolicy\/","title":{"rendered":"MENTIONS LEGALES"},"content":{"rendered":"\n<div class=\"wp-block-group has-global-padding is-layout-constrained wp-block-group-is-layout-constrained\">\n<p>Conform\u00e9ment aux dispositions de l&rsquo;article 6 de la Loi n\u00b0 2004-575 du 21 juin 2004 pour la confiance dans l&rsquo;\u00e9conomie num\u00e9rique, il est pr\u00e9cis\u00e9 aux utilisateurs du site alainmartineau-cartoenv les diff\u00e9rentes informations et points cl\u00e9 suivants :<\/p>\n<\/div>\n\n\n\n<p><strong>EDITEUR DU SITE<\/strong><\/p>\n\n\n\n<ul class=\"wp-block-list\">\n<li>Raison sociale : Couveuse Interface &#8211; Alain Martineau<\/li>\n\n\n\n<li>Num\u00e9ro de SIRET : 429 116 965 00055<\/li>\n\n\n\n<li>Num\u00e9ro de SIREN : 429 116 965<\/li>\n\n\n\n<li>Num\u00e9ro de TVA intracommunautaire : FR81 429 116 965<\/li>\n\n\n\n<li>Si\u00e8ge social : 83 La Canebi\u00e8re 13001 Marseille<\/li>\n\n\n\n<li>Bureau : 56 rue Aum\u00f4ne vieille &#8211; 13100 &#8211; Aix en Provence<\/li>\n\n\n\n<li>T\u00e9l\u00e9phone : 06 98 42 91 14<\/li>\n\n\n\n<li>Courriel : alainmartineau-cartoenv@outlook.fr<\/li>\n\n\n\n<li>Responsable : Alain Martineau<\/li>\n<\/ul>\n\n\n\n<p>Directeur de la publication : Alain Martineau<\/p>\n\n\n\n<p>H\u00e9bergeur : \u00a9 2004-2025 Hostinger<\/p>\n\n\n\n<p><strong>PROPRIETE INTELLECTUELLE ET CONTREFACONS<\/strong><br>Alain Martineau est propri\u00e9taire des droits de propri\u00e9t\u00e9 intellectuelle ou d\u00e9tient les droits d\u2019usage sur tous les \u00e9l\u00e9ments accessibles sur le site, notamment les textes, images (\u00e0 l&rsquo;exclusion de celles dont la source est mentionn\u00e9e en l\u00e9gende), graphismes, logos, ic\u00f4nes, sons, logiciels.<\/p>\n\n\n\n<p>Toute reproduction, repr\u00e9sentation, modification, publication, adaptation de tout ou partie des \u00e9l\u00e9ments du site, quel que soit le moyen ou le proc\u00e9d\u00e9 utilis\u00e9, est interdite. Pour obtenir une autorisation, merci d&rsquo;en faire la demande \u00e0 l&rsquo;adresse suivante : alainmartineau-cartoenv@outlook.fr<\/p>\n\n\n\n<p>Toute exploitation non autoris\u00e9e du site ou de l\u2019un des \u00e9l\u00e9ments qu\u2019il contient sera consid\u00e9r\u00e9e comme constitutive d\u2019une contrefa\u00e7on et poursuivie conform\u00e9ment aux dispositions des articles L.335-2 et suivants du Code de Propri\u00e9t\u00e9 Intellectuelle.<\/p>\n\n\n\n<p><strong>RESPONSABILITE<\/strong><br>Le site alainmartineau-cartoenv peut contenir des liens hypertextes vers d\u2019autres sites internet. Cependant, Alain Martineau n\u2019assume aucune responsabilit\u00e9 et ne saurait \u00eatre tenu pour responsable de l\u2019indisponibilit\u00e9, du contenu, de la publicit\u00e9, des produits ou services disponibles sur ou \u00e0 partir de ces sites externes.<\/p>\n\n\n\n<p>Bien que tous les efforts soient faits pour assurer l&rsquo;exactitude des informations diffus\u00e9es sur ce site, Alain Martineau ne peut garantir l&rsquo;exhaustivit\u00e9, l&rsquo;exactitude ou l&rsquo;actualisation des informations. Il ne peut \u00eatre tenu responsable des omissions, des inexactitudes et des carences dans la mise \u00e0 jour, qu\u2019elles soient de son fait ou du fait des tiers partenaires qui lui fournissent ces informations.<\/p>\n\n\n\n<p><strong>NATURE DU CONTENU<\/strong><br>Le contenu de ce site est \u00e0 titre purement informatif et ne saurait \u00eatre consid\u00e9r\u00e9 comme contractuel. Les informations sont susceptibles d&rsquo;\u00eatre modifi\u00e9es \u00e0 tout moment, sans pr\u00e9avis.<\/p>\n\n\n\n<p><strong>OBLIGATIONS AU REGARD DU FONCTIONNEMENT DU PRESENT SITE<br><\/strong>Alain Martineau ne peut \u00eatre tenu responsable d&rsquo;\u00e9ventuels dommages directs ou indirects, tels que la perte de donn\u00e9es, d\u00e9t\u00e9rioration ou virus qui pourraient affecter votre \u00e9quipement informatique ou toute autre propri\u00e9t\u00e9 lorsque vous acc\u00e9dez \u00e0 ce site, l&rsquo;utilisez, le parcourez ou t\u00e9l\u00e9chargez tout mat\u00e9riel, donn\u00e9es, textes, images ou fichiers depuis le site.<\/p>\n\n\n\n<p>L&rsquo;acc\u00e8s au site peut \u00eatre interrompu \u00e0 tout moment pour des raisons de maintenance, de mise \u00e0 jour, ou pour toute autre raison technique. Alain Martineau ne garantit pas la disponibilit\u00e9, ni la continuit\u00e9 du fonctionnement du site. Dans ce cadre, seul l&rsquo;utilisateur est responsable de l&rsquo;usage du site et du niveau de protection de son mat\u00e9riel informatique.<\/p>\n\n\n\n<p><strong>CONFIDENTIALITE<\/strong><br>Pour plus d&rsquo;informations sur la collecte et le traitement de vos donn\u00e9es personnelles, veuillez consulter notre <a href=\"https:\/\/alainmartineau-cartoenv.fr\/Confidentialite\" data-type=\"link\" data-id=\"https:\/\/alainmartineau-cartoenv.fr\/Confidentialite\">Politique de Confidentialit\u00e9<\/a>.<\/p>\n","protected":false},"excerpt":{"rendered":"<p>Conform\u00e9ment aux dispositions de l&rsquo;article 6 de la Loi n\u00b0 2004-575 du 21 juin 2004 pour la confiance dans l&rsquo;\u00e9conomie num\u00e9rique, il est pr\u00e9cis\u00e9 aux utilisateurs du site alainmartineau-cartoenv les diff\u00e9rentes informations et points cl\u00e9 suivants : EDITEUR DU SITE Directeur de la publication : Alain Martineau H\u00e9bergeur : \u00a9 2004-2025 Hostinger PROPRIETE INTELLECTUELLE ET [&hellip;]<\/p>\n","protected":false},"author":1,"featured_media":0,"parent":21,"menu_order":0,"comment_status":"closed","ping_status":"closed","template":"","meta":{"footnotes":""},"class_list":["post-3","page","type-page","status-publish","hentry"],"yoast_head":"<!-- This site is optimized with the Yoast SEO plugin v27.3 - https:\/\/yoast.com\/product\/yoast-seo-wordpress\/ -->\n<title>MENTIONS LEGALES - Alain Martineau Sp\u00e9cialiste CAD-SIG<\/title>\n<meta name=\"description\" content=\"MENTIONS LEGALES\" \/>\n<meta name=\"robots\" content=\"index, nofollow, max-snippet:-1, max-image-preview:large, max-video-preview:-1\" \/>\n<link rel=\"canonical\" href=\"https:\/\/alainmartineau-cartoenv.fr\/accueil\/accueil\/privacypolicy\/\" \/>\n<meta property=\"og:locale\" content=\"fr_FR\" \/>\n<meta property=\"og:type\" content=\"article\" \/>\n<meta property=\"og:title\" content=\"MENTIONS LEGALES - Alain Martineau Sp\u00e9cialiste CAD-SIG\" \/>\n<meta property=\"og:description\" content=\"MENTIONS LEGALES\" \/>\n<meta property=\"og:url\" content=\"https:\/\/alainmartineau-cartoenv.fr\/accueil\/accueil\/privacypolicy\/\" \/>\n<meta property=\"og:site_name\" content=\"Alain Martineau Sp\u00e9cialiste CAD-SIG\" \/>\n<meta property=\"article:modified_time\" content=\"2025-09-06T13:12:02+00:00\" \/>\n<meta property=\"og:image\" content=\"https:\/\/alainmartineau-cartoenv.fr\/wp-content\/uploads\/2025\/06\/cropped-AM_1-2-1.png\" \/>\n\t<meta property=\"og:image:width\" content=\"512\" \/>\n\t<meta property=\"og:image:height\" content=\"512\" \/>\n\t<meta property=\"og:image:type\" content=\"image\/png\" \/>\n<meta name=\"twitter:label1\" content=\"Dur\u00e9e de lecture estim\u00e9e\" \/>\n\t<meta name=\"twitter:data1\" content=\"3 minutes\" \/>\n<script type=\"application\/ld+json\" class=\"yoast-schema-graph\">{\"@context\":\"https:\\\/\\\/schema.org\",\"@graph\":[{\"@type\":\"WebPage\",\"@id\":\"https:\\\/\\\/alainmartineau-cartoenv.fr\\\/accueil\\\/accueil\\\/privacypolicy\\\/\",\"url\":\"https:\\\/\\\/alainmartineau-cartoenv.fr\\\/accueil\\\/accueil\\\/privacypolicy\\\/\",\"name\":\"MENTIONS LEGALES - Alain Martineau Sp\u00e9cialiste CAD-SIG\",\"isPartOf\":{\"@id\":\"https:\\\/\\\/alainmartineau-cartoenv.fr\\\/accueil\\\/#website\"},\"datePublished\":\"2025-05-30T08:32:46+00:00\",\"dateModified\":\"2025-09-06T13:12:02+00:00\",\"description\":\"MENTIONS LEGALES\",\"breadcrumb\":{\"@id\":\"https:\\\/\\\/alainmartineau-cartoenv.fr\\\/accueil\\\/accueil\\\/privacypolicy\\\/#breadcrumb\"},\"inLanguage\":\"fr-FR\",\"potentialAction\":[{\"@type\":\"ReadAction\",\"target\":[\"https:\\\/\\\/alainmartineau-cartoenv.fr\\\/accueil\\\/accueil\\\/privacypolicy\\\/\"]}]},{\"@type\":\"BreadcrumbList\",\"@id\":\"https:\\\/\\\/alainmartineau-cartoenv.fr\\\/accueil\\\/accueil\\\/privacypolicy\\\/#breadcrumb\",\"itemListElement\":[{\"@type\":\"ListItem\",\"position\":1,\"name\":\"Accueil\",\"item\":\"https:\\\/\\\/alainmartineau-cartoenv.fr\\\/accueil\\\/\"},{\"@type\":\"ListItem\",\"position\":2,\"name\":\"CARTOGRAPHIE ET ENVIRONNEMENT\",\"item\":\"https:\\\/\\\/alainmartineau-cartoenv.fr\\\/accueil\\\/\"},{\"@type\":\"ListItem\",\"position\":3,\"name\":\"MENTIONS LEGALES\"}]},{\"@type\":\"WebSite\",\"@id\":\"https:\\\/\\\/alainmartineau-cartoenv.fr\\\/accueil\\\/#website\",\"url\":\"https:\\\/\\\/alainmartineau-cartoenv.fr\\\/accueil\\\/\",\"name\":\"Alain Martineau Sp\u00e9cialiste CAD-SIG\",\"description\":\"\",\"publisher\":{\"@id\":\"https:\\\/\\\/alainmartineau-cartoenv.fr\\\/accueil\\\/#\\\/schema\\\/person\\\/5cc1fe3b12e5b98102d5dbc0661de1a3\"},\"alternateName\":\"alainmartineau-cartoenv\",\"potentialAction\":[{\"@type\":\"SearchAction\",\"target\":{\"@type\":\"EntryPoint\",\"urlTemplate\":\"https:\\\/\\\/alainmartineau-cartoenv.fr\\\/accueil\\\/?s={search_term_string}\"},\"query-input\":{\"@type\":\"PropertyValueSpecification\",\"valueRequired\":true,\"valueName\":\"search_term_string\"}}],\"inLanguage\":\"fr-FR\"},{\"@type\":[\"Person\",\"Organization\"],\"@id\":\"https:\\\/\\\/alainmartineau-cartoenv.fr\\\/accueil\\\/#\\\/schema\\\/person\\\/5cc1fe3b12e5b98102d5dbc0661de1a3\",\"name\":\"alainmartineau9@gmail.com\",\"image\":{\"@type\":\"ImageObject\",\"inLanguage\":\"fr-FR\",\"@id\":\"https:\\\/\\\/alainmartineau-cartoenv.fr\\\/wp-content\\\/uploads\\\/2025\\\/06\\\/cropped-AM_1-2-1.png\",\"url\":\"https:\\\/\\\/alainmartineau-cartoenv.fr\\\/wp-content\\\/uploads\\\/2025\\\/06\\\/cropped-AM_1-2-1.png\",\"contentUrl\":\"https:\\\/\\\/alainmartineau-cartoenv.fr\\\/wp-content\\\/uploads\\\/2025\\\/06\\\/cropped-AM_1-2-1.png\",\"width\":512,\"height\":512,\"caption\":\"alainmartineau9@gmail.com\"},\"logo\":{\"@id\":\"https:\\\/\\\/alainmartineau-cartoenv.fr\\\/wp-content\\\/uploads\\\/2025\\\/06\\\/cropped-AM_1-2-1.png\"},\"sameAs\":[\"https:\\\/\\\/alainmartineau-cartoenv.fr\",\"www.linkedin.com\\\/in\\\/alainmartineau-cartoenv\"]}]}<\/script>\n<!-- \/ Yoast SEO plugin. -->","yoast_head_json":{"title":"MENTIONS LEGALES - Alain Martineau Sp\u00e9cialiste CAD-SIG","description":"MENTIONS LEGALES","robots":{"index":"index","follow":"nofollow","max-snippet":"max-snippet:-1","max-image-preview":"max-image-preview:large","max-video-preview":"max-video-preview:-1"},"canonical":"https:\/\/alainmartineau-cartoenv.fr\/accueil\/accueil\/privacypolicy\/","og_locale":"fr_FR","og_type":"article","og_title":"MENTIONS LEGALES - Alain Martineau Sp\u00e9cialiste CAD-SIG","og_description":"MENTIONS LEGALES","og_url":"https:\/\/alainmartineau-cartoenv.fr\/accueil\/accueil\/privacypolicy\/","og_site_name":"Alain Martineau Sp\u00e9cialiste CAD-SIG","article_modified_time":"2025-09-06T13:12:02+00:00","og_image":[{"width":512,"height":512,"url":"https:\/\/alainmartineau-cartoenv.fr\/wp-content\/uploads\/2025\/06\/cropped-AM_1-2-1.png","type":"image\/png"}],"twitter_misc":{"Dur\u00e9e de lecture estim\u00e9e":"3 minutes"},"schema":{"@context":"https:\/\/schema.org","@graph":[{"@type":"WebPage","@id":"https:\/\/alainmartineau-cartoenv.fr\/accueil\/accueil\/privacypolicy\/","url":"https:\/\/alainmartineau-cartoenv.fr\/accueil\/accueil\/privacypolicy\/","name":"MENTIONS LEGALES - Alain Martineau Sp\u00e9cialiste CAD-SIG","isPartOf":{"@id":"https:\/\/alainmartineau-cartoenv.fr\/accueil\/#website"},"datePublished":"2025-05-30T08:32:46+00:00","dateModified":"2025-09-06T13:12:02+00:00","description":"MENTIONS LEGALES","breadcrumb":{"@id":"https:\/\/alainmartineau-cartoenv.fr\/accueil\/accueil\/privacypolicy\/#breadcrumb"},"inLanguage":"fr-FR","potentialAction":[{"@type":"ReadAction","target":["https:\/\/alainmartineau-cartoenv.fr\/accueil\/accueil\/privacypolicy\/"]}]},{"@type":"BreadcrumbList","@id":"https:\/\/alainmartineau-cartoenv.fr\/accueil\/accueil\/privacypolicy\/#breadcrumb","itemListElement":[{"@type":"ListItem","position":1,"name":"Accueil","item":"https:\/\/alainmartineau-cartoenv.fr\/accueil\/"},{"@type":"ListItem","position":2,"name":"CARTOGRAPHIE ET ENVIRONNEMENT","item":"https:\/\/alainmartineau-cartoenv.fr\/accueil\/"},{"@type":"ListItem","position":3,"name":"MENTIONS LEGALES"}]},{"@type":"WebSite","@id":"https:\/\/alainmartineau-cartoenv.fr\/accueil\/#website","url":"https:\/\/alainmartineau-cartoenv.fr\/accueil\/","name":"Alain Martineau Sp\u00e9cialiste CAD-SIG","description":"","publisher":{"@id":"https:\/\/alainmartineau-cartoenv.fr\/accueil\/#\/schema\/person\/5cc1fe3b12e5b98102d5dbc0661de1a3"},"alternateName":"alainmartineau-cartoenv","potentialAction":[{"@type":"SearchAction","target":{"@type":"EntryPoint","urlTemplate":"https:\/\/alainmartineau-cartoenv.fr\/accueil\/?s={search_term_string}"},"query-input":{"@type":"PropertyValueSpecification","valueRequired":true,"valueName":"search_term_string"}}],"inLanguage":"fr-FR"},{"@type":["Person","Organization"],"@id":"https:\/\/alainmartineau-cartoenv.fr\/accueil\/#\/schema\/person\/5cc1fe3b12e5b98102d5dbc0661de1a3","name":"alainmartineau9@gmail.com","image":{"@type":"ImageObject","inLanguage":"fr-FR","@id":"https:\/\/alainmartineau-cartoenv.fr\/wp-content\/uploads\/2025\/06\/cropped-AM_1-2-1.png","url":"https:\/\/alainmartineau-cartoenv.fr\/wp-content\/uploads\/2025\/06\/cropped-AM_1-2-1.png","contentUrl":"https:\/\/alainmartineau-cartoenv.fr\/wp-content\/uploads\/2025\/06\/cropped-AM_1-2-1.png","width":512,"height":512,"caption":"alainmartineau9@gmail.com"},"logo":{"@id":"https:\/\/alainmartineau-cartoenv.fr\/wp-content\/uploads\/2025\/06\/cropped-AM_1-2-1.png"},"sameAs":["https:\/\/alainmartineau-cartoenv.fr","www.linkedin.com\/in\/alainmartineau-cartoenv"]}]}},"_links":{"self":[{"href":"https:\/\/alainmartineau-cartoenv.fr\/accueil\/wp-json\/wp\/v2\/pages\/3","targetHints":{"allow":["GET"]}}],"collection":[{"href":"https:\/\/alainmartineau-cartoenv.fr\/accueil\/wp-json\/wp\/v2\/pages"}],"about":[{"href":"https:\/\/alainmartineau-cartoenv.fr\/accueil\/wp-json\/wp\/v2\/types\/page"}],"author":[{"embeddable":true,"href":"https:\/\/alainmartineau-cartoenv.fr\/accueil\/wp-json\/wp\/v2\/users\/1"}],"replies":[{"embeddable":true,"href":"https:\/\/alainmartineau-cartoenv.fr\/accueil\/wp-json\/wp\/v2\/comments?post=3"}],"version-history":[{"count":11,"href":"https:\/\/alainmartineau-cartoenv.fr\/accueil\/wp-json\/wp\/v2\/pages\/3\/revisions"}],"predecessor-version":[{"id":1515,"href":"https:\/\/alainmartineau-cartoenv.fr\/accueil\/wp-json\/wp\/v2\/pages\/3\/revisions\/1515"}],"up":[{"embeddable":true,"href":"https:\/\/alainmartineau-cartoenv.fr\/accueil\/wp-json\/wp\/v2\/pages\/21"}],"wp:attachment":[{"href":"https:\/\/alainmartineau-cartoenv.fr\/accueil\/wp-json\/wp\/v2\/media?parent=3"}],"curies":[{"name":"wp","href":"https:\/\/api.w.org\/{rel}","templated":true}]}}