{"id":149,"date":"2025-06-08T13:18:58","date_gmt":"2025-06-08T13:18:58","guid":{"rendered":"https:\/\/alainmartineau-cartoenv.fr\/?page_id=149"},"modified":"2025-09-06T15:11:11","modified_gmt":"2025-09-06T13:11:11","slug":"mecontacter","status":"publish","type":"page","link":"https:\/\/alainmartineau-cartoenv.fr\/accueil\/accueil\/mecontacter\/","title":{"rendered":"ME CONTACTER"},"content":{"rendered":"<style id=\"wpforms-css-vars-138-block-1108d76e-f4fb-4793-a7ae-556be9817536\">\n\t\t\t\t#wpforms-138.wpforms-block-1108d76e-f4fb-4793-a7ae-556be9817536 {\n\t\t\t\t--wpforms-label-color: #ffffff;\n--wpforms-label-sublabel-color: #ffffff;\n--wpforms-field-border-color: rgba(0, 0, 0, 0.25);\n--wpforms-field-border-color-spare: rgba(0, 0, 0, 0.25);\n--wpforms-field-text-color: #000000;\n--wpforms-field-size-input-height: 43px;\n--wpforms-field-size-input-spacing: 15px;\n--wpforms-field-size-font-size: 16px;\n--wpforms-field-size-line-height: 19px;\n--wpforms-field-size-padding-h: 14px;\n--wpforms-field-size-checkbox-size: 16px;\n--wpforms-field-size-sublabel-spacing: 5px;\n--wpforms-field-size-icon-size: 1;\n--wpforms-label-size-font-size: 16px;\n--wpforms-label-size-line-height: 19px;\n--wpforms-label-size-sublabel-font-size: 14px;\n--wpforms-label-size-sublabel-line-height: 17px;\n--wpforms-button-size-font-size: 17px;\n--wpforms-button-size-height: 41px;\n--wpforms-button-size-padding-h: 15px;\n--wpforms-button-size-margin-top: 10px;\n\t\t\t}\n\t\t\t<\/style><div class=\"wpforms-container wpforms-container-full wpforms-block wpforms-block-1108d76e-f4fb-4793-a7ae-556be9817536 wpforms-render-modern\" id=\"wpforms-138\"><form id=\"wpforms-form-138\" class=\"wpforms-validate wpforms-form wpforms-ajax-form\" data-formid=\"138\" method=\"post\" enctype=\"multipart\/form-data\" action=\"\/accueil\/wp-json\/wp\/v2\/pages\/149\" data-token=\"7729832e629884216fa44f4cb074a9f2\" data-token-time=\"1775738978\"><noscript class=\"wpforms-error-noscript\">Veuillez activer JavaScript dans votre navigateur pour remplir ce formulaire.<\/noscript><div id=\"wpforms-error-noscript\" style=\"display: none;\">Veuillez activer JavaScript dans votre navigateur pour remplir ce formulaire.<\/div><div class=\"wpforms-field-container\"><div id=\"wpforms-138-field_1-container\" class=\"wpforms-field wpforms-field-name\" data-field-id=\"1\"><fieldset><legend class=\"wpforms-field-label\">Civilit\u00e9 <span class=\"wpforms-required-label\" aria-hidden=\"true\">*<\/span><\/legend><div class=\"wpforms-field-row wpforms-field-medium\"><div class=\"wpforms-field-row-block wpforms-first wpforms-one-half\"><input type=\"text\" id=\"wpforms-138-field_1\" class=\"wpforms-field-name-first wpforms-field-required\" name=\"wpforms[fields][1][first]\" aria-errormessage=\"wpforms-138-field_1-error\" required><label for=\"wpforms-138-field_1\" class=\"wpforms-field-sublabel after\">Pr\u00e9nom<\/label><\/div><div class=\"wpforms-field-row-block wpforms-one-half\"><input type=\"text\" id=\"wpforms-138-field_1-last\" class=\"wpforms-field-name-last wpforms-field-required\" name=\"wpforms[fields][1][last]\" aria-errormessage=\"wpforms-138-field_1-last-error\" required><label for=\"wpforms-138-field_1-last\" class=\"wpforms-field-sublabel after\">Nom<\/label><\/div><\/div><\/fieldset><\/div>\t\t<div id=\"wpforms-138-field_5-container\"\n\t\t\tclass=\"wpforms-field wpforms-field-text\"\n\t\t\tdata-field-type=\"text\"\n\t\t\tdata-field-id=\"5\"\n\t\t\t>\n\t\t\t<label class=\"wpforms-field-label\" for=\"wpforms-138-field_5\" >Civilit\u00e9 Message Email<\/label>\n\t\t\t<input type=\"text\" id=\"wpforms-138-field_5\" class=\"wpforms-field-medium\" name=\"wpforms[fields][5]\" >\n\t\t<\/div>\n\t\t<div id=\"wpforms-138-field_2-container\" class=\"wpforms-field wpforms-field-email\" data-field-id=\"2\"><label class=\"wpforms-field-label\" for=\"wpforms-138-field_2\">Email <span class=\"wpforms-required-label\" aria-hidden=\"true\">*<\/span><\/label><input type=\"email\" id=\"wpforms-138-field_2\" class=\"wpforms-field-medium wpforms-field-required\" name=\"wpforms[fields][2]\" spellcheck=\"false\" aria-errormessage=\"wpforms-138-field_2-error\" required><\/div><div id=\"wpforms-138-field_3-container\" class=\"wpforms-field wpforms-field-textarea\" data-field-id=\"3\"><label class=\"wpforms-field-label\" for=\"wpforms-138-field_3\">Message<\/label><textarea id=\"wpforms-138-field_3\" class=\"wpforms-field-medium\" name=\"wpforms[fields][3]\" aria-errormessage=\"wpforms-138-field_3-error\" ><\/textarea><\/div><div id=\"wpforms-138-field_4-container\" class=\"wpforms-field wpforms-field-gdpr-checkbox\" data-field-id=\"4\"><label class=\"wpforms-field-label\">Accord RGPD <span class=\"wpforms-required-label\" aria-hidden=\"true\">*<\/span><\/label><ul id=\"wpforms-138-field_4\" class=\"wpforms-field-required\"><li class=\"choice-1\"><input type=\"checkbox\" id=\"wpforms-138-field_4_1\" name=\"wpforms[fields][4][]\" value=\"Je consens \u00e0 ce que ce site stocke mes informations envoy\u00e9es afin de r\u00e9pondre \u00e0 ma requ\u00eate.\" aria-errormessage=\"wpforms-138-field_4_1-error\" required ><label class=\"wpforms-field-label-inline\" for=\"wpforms-138-field_4_1\">Je consens \u00e0 ce que ce site stocke mes informations envoy\u00e9es afin de r\u00e9pondre \u00e0 ma requ\u00eate.<\/label><\/li><\/ul><\/div><script>\n\t\t\t\t( function() {\n\t\t\t\t\tconst style = document.createElement( 'style' );\n\t\t\t\t\tstyle.appendChild( document.createTextNode( '#wpforms-138-field_5-container { position: absolute !important; overflow: hidden !important; display: inline !important; height: 1px !important; width: 1px !important; z-index: -1000 !important; padding: 0 !important; } #wpforms-138-field_5-container input { visibility: hidden; } #wpforms-conversational-form-page #wpforms-138-field_5-container label { counter-increment: none; }' ) );\n\t\t\t\t\tdocument.head.appendChild( style );\n\t\t\t\t\tdocument.currentScript?.remove();\n\t\t\t\t} )();\n\t\t\t<\/script><\/div><!-- .wpforms-field-container --><div class=\"wpforms-submit-container\" ><input type=\"hidden\" name=\"wpforms[id]\" value=\"138\"><input type=\"hidden\" name=\"page_title\" value=\"\"><input type=\"hidden\" name=\"page_url\" value=\"https:\/\/alainmartineau-cartoenv.fr\/accueil\/wp-json\/wp\/v2\/pages\/149\"><input type=\"hidden\" name=\"url_referer\" value=\"\"><button type=\"submit\" name=\"wpforms[submit]\" id=\"wpforms-submit-138\" class=\"wpforms-submit\" data-alt-text=\"Sending...\" data-submit-text=\"Envoyer\" aria-live=\"assertive\" value=\"wpforms-submit\">Envoyer<\/button><img loading=\"lazy\" decoding=\"async\" src=\"https:\/\/alainmartineau-cartoenv.fr\/wp-content\/plugins\/wpforms-lite\/assets\/images\/submit-spin.svg\" class=\"wpforms-submit-spinner\" style=\"display: none;\" width=\"26\" height=\"26\" alt=\"Chargement en cours\"><\/div><\/form><\/div>  <!-- .wpforms-container -->\n\n\n<p class=\"has-light-color has-text-color has-link-color wp-elements-ac65d985a022dee78dea777cecf29dd6\">Consulter <a href=\"https:\/\/alainmartineau-cartoenv.fr\/Confidentialite\">notre politique de confidentialit\u00e9<\/a>.<\/p>\n","protected":false},"excerpt":{"rendered":"<p>Consulter notre politique de confidentialit\u00e9.<\/p>\n","protected":false},"author":1,"featured_media":0,"parent":21,"menu_order":0,"comment_status":"closed","ping_status":"closed","template":"","meta":{"footnotes":""},"class_list":["post-149","page","type-page","status-publish","hentry"],"yoast_head":"<!-- This site is optimized with the Yoast SEO plugin v27.3 - https:\/\/yoast.com\/product\/yoast-seo-wordpress\/ -->\n<title>ME CONTACTER - Alain Martineau Sp\u00e9cialiste CAD-SIG<\/title>\n<meta name=\"description\" content=\"ME CONTACTER\" \/>\n<meta name=\"robots\" content=\"noindex, follow\" \/>\n<meta property=\"og:locale\" content=\"fr_FR\" \/>\n<meta property=\"og:type\" content=\"article\" \/>\n<meta property=\"og:title\" content=\"ME CONTACTER - Alain Martineau Sp\u00e9cialiste CAD-SIG\" \/>\n<meta property=\"og:description\" content=\"ME CONTACTER\" \/>\n<meta property=\"og:url\" content=\"https:\/\/alainmartineau-cartoenv.fr\/accueil\/accueil\/mecontacter\/\" \/>\n<meta property=\"og:site_name\" content=\"Alain Martineau Sp\u00e9cialiste CAD-SIG\" \/>\n<meta property=\"article:modified_time\" content=\"2025-09-06T13:11:11+00:00\" \/>\n<meta property=\"og:image\" content=\"https:\/\/alainmartineau-cartoenv.fr\/wp-content\/uploads\/2025\/06\/cropped-AM_1-2-1.png\" \/>\n\t<meta property=\"og:image:width\" content=\"512\" \/>\n\t<meta property=\"og:image:height\" content=\"512\" \/>\n\t<meta property=\"og:image:type\" content=\"image\/png\" \/>\n<meta name=\"twitter:label1\" content=\"Dur\u00e9e de lecture estim\u00e9e\" \/>\n\t<meta name=\"twitter:data1\" content=\"1 minute\" \/>\n<script type=\"application\/ld+json\" class=\"yoast-schema-graph\">{\"@context\":\"https:\\\/\\\/schema.org\",\"@graph\":[{\"@type\":[\"WebPage\",\"ContactPage\"],\"@id\":\"https:\\\/\\\/alainmartineau-cartoenv.fr\\\/accueil\\\/accueil\\\/mecontacter\\\/\",\"url\":\"https:\\\/\\\/alainmartineau-cartoenv.fr\\\/accueil\\\/accueil\\\/mecontacter\\\/\",\"name\":\"ME CONTACTER - Alain Martineau Sp\u00e9cialiste CAD-SIG\",\"isPartOf\":{\"@id\":\"https:\\\/\\\/alainmartineau-cartoenv.fr\\\/accueil\\\/#website\"},\"datePublished\":\"2025-06-08T13:18:58+00:00\",\"dateModified\":\"2025-09-06T13:11:11+00:00\",\"description\":\"ME CONTACTER\",\"breadcrumb\":{\"@id\":\"https:\\\/\\\/alainmartineau-cartoenv.fr\\\/accueil\\\/accueil\\\/mecontacter\\\/#breadcrumb\"},\"inLanguage\":\"fr-FR\",\"potentialAction\":[{\"@type\":\"ReadAction\",\"target\":[\"https:\\\/\\\/alainmartineau-cartoenv.fr\\\/accueil\\\/accueil\\\/mecontacter\\\/\"]}]},{\"@type\":\"BreadcrumbList\",\"@id\":\"https:\\\/\\\/alainmartineau-cartoenv.fr\\\/accueil\\\/accueil\\\/mecontacter\\\/#breadcrumb\",\"itemListElement\":[{\"@type\":\"ListItem\",\"position\":1,\"name\":\"Accueil\",\"item\":\"https:\\\/\\\/alainmartineau-cartoenv.fr\\\/accueil\\\/\"},{\"@type\":\"ListItem\",\"position\":2,\"name\":\"CARTOGRAPHIE ET ENVIRONNEMENT\",\"item\":\"https:\\\/\\\/alainmartineau-cartoenv.fr\\\/accueil\\\/\"},{\"@type\":\"ListItem\",\"position\":3,\"name\":\"ME CONTACTER\"}]},{\"@type\":\"WebSite\",\"@id\":\"https:\\\/\\\/alainmartineau-cartoenv.fr\\\/accueil\\\/#website\",\"url\":\"https:\\\/\\\/alainmartineau-cartoenv.fr\\\/accueil\\\/\",\"name\":\"Alain Martineau Sp\u00e9cialiste CAD-SIG\",\"description\":\"\",\"publisher\":{\"@id\":\"https:\\\/\\\/alainmartineau-cartoenv.fr\\\/accueil\\\/#\\\/schema\\\/person\\\/5cc1fe3b12e5b98102d5dbc0661de1a3\"},\"alternateName\":\"alainmartineau-cartoenv\",\"potentialAction\":[{\"@type\":\"SearchAction\",\"target\":{\"@type\":\"EntryPoint\",\"urlTemplate\":\"https:\\\/\\\/alainmartineau-cartoenv.fr\\\/accueil\\\/?s={search_term_string}\"},\"query-input\":{\"@type\":\"PropertyValueSpecification\",\"valueRequired\":true,\"valueName\":\"search_term_string\"}}],\"inLanguage\":\"fr-FR\"},{\"@type\":[\"Person\",\"Organization\"],\"@id\":\"https:\\\/\\\/alainmartineau-cartoenv.fr\\\/accueil\\\/#\\\/schema\\\/person\\\/5cc1fe3b12e5b98102d5dbc0661de1a3\",\"name\":\"alainmartineau9@gmail.com\",\"image\":{\"@type\":\"ImageObject\",\"inLanguage\":\"fr-FR\",\"@id\":\"https:\\\/\\\/alainmartineau-cartoenv.fr\\\/wp-content\\\/uploads\\\/2025\\\/06\\\/cropped-AM_1-2-1.png\",\"url\":\"https:\\\/\\\/alainmartineau-cartoenv.fr\\\/wp-content\\\/uploads\\\/2025\\\/06\\\/cropped-AM_1-2-1.png\",\"contentUrl\":\"https:\\\/\\\/alainmartineau-cartoenv.fr\\\/wp-content\\\/uploads\\\/2025\\\/06\\\/cropped-AM_1-2-1.png\",\"width\":512,\"height\":512,\"caption\":\"alainmartineau9@gmail.com\"},\"logo\":{\"@id\":\"https:\\\/\\\/alainmartineau-cartoenv.fr\\\/wp-content\\\/uploads\\\/2025\\\/06\\\/cropped-AM_1-2-1.png\"},\"sameAs\":[\"https:\\\/\\\/alainmartineau-cartoenv.fr\",\"www.linkedin.com\\\/in\\\/alainmartineau-cartoenv\"]}]}<\/script>\n<!-- \/ Yoast SEO plugin. -->","yoast_head_json":{"title":"ME CONTACTER - Alain Martineau Sp\u00e9cialiste CAD-SIG","description":"ME CONTACTER","robots":{"index":"noindex","follow":"follow"},"og_locale":"fr_FR","og_type":"article","og_title":"ME CONTACTER - Alain Martineau Sp\u00e9cialiste CAD-SIG","og_description":"ME CONTACTER","og_url":"https:\/\/alainmartineau-cartoenv.fr\/accueil\/accueil\/mecontacter\/","og_site_name":"Alain Martineau Sp\u00e9cialiste CAD-SIG","article_modified_time":"2025-09-06T13:11:11+00:00","og_image":[{"width":512,"height":512,"url":"https:\/\/alainmartineau-cartoenv.fr\/wp-content\/uploads\/2025\/06\/cropped-AM_1-2-1.png","type":"image\/png"}],"twitter_misc":{"Dur\u00e9e de lecture estim\u00e9e":"1 minute"},"schema":{"@context":"https:\/\/schema.org","@graph":[{"@type":["WebPage","ContactPage"],"@id":"https:\/\/alainmartineau-cartoenv.fr\/accueil\/accueil\/mecontacter\/","url":"https:\/\/alainmartineau-cartoenv.fr\/accueil\/accueil\/mecontacter\/","name":"ME CONTACTER - Alain Martineau Sp\u00e9cialiste CAD-SIG","isPartOf":{"@id":"https:\/\/alainmartineau-cartoenv.fr\/accueil\/#website"},"datePublished":"2025-06-08T13:18:58+00:00","dateModified":"2025-09-06T13:11:11+00:00","description":"ME CONTACTER","breadcrumb":{"@id":"https:\/\/alainmartineau-cartoenv.fr\/accueil\/accueil\/mecontacter\/#breadcrumb"},"inLanguage":"fr-FR","potentialAction":[{"@type":"ReadAction","target":["https:\/\/alainmartineau-cartoenv.fr\/accueil\/accueil\/mecontacter\/"]}]},{"@type":"BreadcrumbList","@id":"https:\/\/alainmartineau-cartoenv.fr\/accueil\/accueil\/mecontacter\/#breadcrumb","itemListElement":[{"@type":"ListItem","position":1,"name":"Accueil","item":"https:\/\/alainmartineau-cartoenv.fr\/accueil\/"},{"@type":"ListItem","position":2,"name":"CARTOGRAPHIE ET ENVIRONNEMENT","item":"https:\/\/alainmartineau-cartoenv.fr\/accueil\/"},{"@type":"ListItem","position":3,"name":"ME CONTACTER"}]},{"@type":"WebSite","@id":"https:\/\/alainmartineau-cartoenv.fr\/accueil\/#website","url":"https:\/\/alainmartineau-cartoenv.fr\/accueil\/","name":"Alain Martineau Sp\u00e9cialiste CAD-SIG","description":"","publisher":{"@id":"https:\/\/alainmartineau-cartoenv.fr\/accueil\/#\/schema\/person\/5cc1fe3b12e5b98102d5dbc0661de1a3"},"alternateName":"alainmartineau-cartoenv","potentialAction":[{"@type":"SearchAction","target":{"@type":"EntryPoint","urlTemplate":"https:\/\/alainmartineau-cartoenv.fr\/accueil\/?s={search_term_string}"},"query-input":{"@type":"PropertyValueSpecification","valueRequired":true,"valueName":"search_term_string"}}],"inLanguage":"fr-FR"},{"@type":["Person","Organization"],"@id":"https:\/\/alainmartineau-cartoenv.fr\/accueil\/#\/schema\/person\/5cc1fe3b12e5b98102d5dbc0661de1a3","name":"alainmartineau9@gmail.com","image":{"@type":"ImageObject","inLanguage":"fr-FR","@id":"https:\/\/alainmartineau-cartoenv.fr\/wp-content\/uploads\/2025\/06\/cropped-AM_1-2-1.png","url":"https:\/\/alainmartineau-cartoenv.fr\/wp-content\/uploads\/2025\/06\/cropped-AM_1-2-1.png","contentUrl":"https:\/\/alainmartineau-cartoenv.fr\/wp-content\/uploads\/2025\/06\/cropped-AM_1-2-1.png","width":512,"height":512,"caption":"alainmartineau9@gmail.com"},"logo":{"@id":"https:\/\/alainmartineau-cartoenv.fr\/wp-content\/uploads\/2025\/06\/cropped-AM_1-2-1.png"},"sameAs":["https:\/\/alainmartineau-cartoenv.fr","www.linkedin.com\/in\/alainmartineau-cartoenv"]}]}},"_links":{"self":[{"href":"https:\/\/alainmartineau-cartoenv.fr\/accueil\/wp-json\/wp\/v2\/pages\/149","targetHints":{"allow":["GET"]}}],"collection":[{"href":"https:\/\/alainmartineau-cartoenv.fr\/accueil\/wp-json\/wp\/v2\/pages"}],"about":[{"href":"https:\/\/alainmartineau-cartoenv.fr\/accueil\/wp-json\/wp\/v2\/types\/page"}],"author":[{"embeddable":true,"href":"https:\/\/alainmartineau-cartoenv.fr\/accueil\/wp-json\/wp\/v2\/users\/1"}],"replies":[{"embeddable":true,"href":"https:\/\/alainmartineau-cartoenv.fr\/accueil\/wp-json\/wp\/v2\/comments?post=149"}],"version-history":[{"count":18,"href":"https:\/\/alainmartineau-cartoenv.fr\/accueil\/wp-json\/wp\/v2\/pages\/149\/revisions"}],"predecessor-version":[{"id":1402,"href":"https:\/\/alainmartineau-cartoenv.fr\/accueil\/wp-json\/wp\/v2\/pages\/149\/revisions\/1402"}],"up":[{"embeddable":true,"href":"https:\/\/alainmartineau-cartoenv.fr\/accueil\/wp-json\/wp\/v2\/pages\/21"}],"wp:attachment":[{"href":"https:\/\/alainmartineau-cartoenv.fr\/accueil\/wp-json\/wp\/v2\/media?parent=149"}],"curies":[{"name":"wp","href":"https:\/\/api.w.org\/{rel}","templated":true}]}}